{"id":21,"date":"2024-04-23T12:19:48","date_gmt":"2024-04-23T12:19:48","guid":{"rendered":"https:\/\/casacabocladamantiqueira.com.br\/?page_id=21"},"modified":"2026-03-26T13:57:44","modified_gmt":"2026-03-26T13:57:44","slug":"one-page-express","status":"publish","type":"page","link":"https:\/\/casacabocladamantiqueira.com.br\/","title":{"rendered":"Front Page"},"content":{"rendered":"<div  id=\"about-1\" style=\"background-color: #f6f6f6;\" data-label=\"About\" data-id=\"about-big-images-section\" data-category=\"about\" class=\"about-big-images-section\"> <div  class=\"gridContainer\"> <div  class=\"about-big-images-textrow\"> <div  class=\"about-big-images-textcol dynamic-color\" data-type=\"column\"> <h5  class=\"\">BUENO BRAND\u00c3O \u2013 MG<\/h5> <h3  class=\"\">Cercada pelas montanhas do&nbsp;<span  href=\"#\" class=\"span25\">Sul de Minas<\/span>&nbsp;e as cachoeiras mais lindas do Brasil<\/h3> <p  class=\"\"> A Casa Cabocla da Mantiqueira \u00e9 a hospedagem perfeita para voc\u00ea e sua fam\u00edlia aproveitarem um per\u00edodo de descanso e uma casa com 4 quartos, cozinha e \u00e1rea gourmet preparados com utens\u00edlios e estrutura completa.<\/p>  <\/div> <\/div> <\/div> <div  class=\"about-big-images-bottomrow\"> <div  class=\"about-big-images-leftimgcol\"><img  decoding=\"async\" class=\"about-big-images-leftimg\" src=\"https:\/\/casacabocladamantiqueira.com.br\/wp-content\/uploads\/2024\/04\/20240405_090950-Medio-quadrado.jpg\" alt=\"\"> <\/div> <div  class=\"about-big-images-centerimgcol\"><img  decoding=\"async\" class=\"about-big-images-centerimg\" src=\"https:\/\/casacabocladamantiqueira.com.br\/wp-content\/uploads\/2024\/04\/20240405_111548-Grande-quadrada.jpg\" alt=\"\"> <\/div> <div  class=\"about-big-images-rightimgcol\"><img  decoding=\"async\" class=\"about-big-images-rightimg\" src=\"https:\/\/casacabocladamantiqueira.com.br\/wp-content\/uploads\/2024\/04\/20240405_110424-Grande-quadrado.jpg\" alt=\"\"> <\/div> <\/div> <\/div><div  id=\"content-4\" style=\"background-color: #f6f6f6;\" data-label=\"Content\" data-id=\"content-image-right\" data-category=\"content\" class=\"content-right-image-section\"> <div  class=\"gridContainer\"> <div  class=\"content-right-image-gridcol\"> <div  class=\"content-right-image-textcol dynamic-color\" data-type=\"column\"> <h2  class=\"\">Uma hist\u00f3ria de 70 anos<\/h2> <p  class=\"large_text\"> A Casa Cabocla da Mantiqueira tem uma hist\u00f3ria de mais de 70 anos e ap\u00f3s uma grande reforma, est\u00e1 dispon\u00edvel para receber h\u00f3spedes para&nbsp; datas comemorativas ou descanso em fam\u00edlia.<\/p> <a  class=\"button blue\" href=\"https:\/\/casacabocladamantiqueira.com.br?page_id=57\" target=\"_self\" rel=\"noopener\"> Saiba mais <\/a> <\/div> <div  class=\"content-right-image-imgcol\" data-type=\"column\"> <img  decoding=\"async\" src=\"https:\/\/casacabocladamantiqueira.com.br\/wp-content\/uploads\/2024\/04\/20240405_085052-b.jpg\" class=\"\" alt=\"\"> <\/div> <\/div> <\/div> <\/div><div  id=\"content-3\" style=\"background-color: #ffffff;\" data-label=\"Content\" data-id=\"content-image-left\" data-category=\"content\" class=\"content-left-image-section\"> <div  class=\"gridContainer\"> <div  class=\"row\"> <div  class=\"content-left-image-imgcol\" data-type=\"column\"> <img  decoding=\"async\" src=\"https:\/\/casacabocladamantiqueira.com.br\/wp-content\/uploads\/2024\/04\/20240405_090805-Grande.jpg\" class=\"\" alt=\"\"> <\/div> <div  class=\"content-left-image-textcol dynamic-color\" data-type=\"column\"> <h2  class=\"\">5 quartos, com capacidade para 23 pessoas<\/h2> <p  class=\"large_text\"> Conhe\u00e7a a disposi\u00e7\u00e3o dos quartos, com op\u00e7\u00f5es para receber grandes fam\u00edlias.<\/p> <a  class=\"button blue\" href=\"https:\/\/casacabocladamantiqueira.com.br?page_id=70\" target=\"_self\" rel=\"noopener\"> Quartos <\/a> <\/div> <\/div> <\/div> <\/div><div  id=\"portfolio-2\" style=\"background-color: rgb(255, 255, 255);\" data-label=\"Portfolio\" data-id=\"portfolio-full-section\" data-category=\"portfolio\"> <div  class=\"portfolio-full-section\" data-type=\"row\"> <div  class=\"portfolio-full-projectco cp4cols cp4cols-tablet\"> <div  class=\"contentswap-effect ContentSwap103\" hover-fx=\"ContentSwap103\" id=\"ContentSwap103\"> <div  class=\"ContentSwap103_content initial-image\"><img  decoding=\"async\" class=\"portfolio-full-projectimg\" data-size=\"1200x800\" src=\"https:\/\/casacabocladamantiqueira.com.br\/wp-content\/uploads\/2024\/04\/cropped-20240405_100854-Grande-B.jpg\"> <\/div> <div  class=\"overlay\" style=\"display: block; opacity: 1;\"><\/div> <div  class=\"swap-inner\" style=\"opacity: 1; display: block;\"> <div  class=\"ContentSwap103-center\"> <h4  class=\"protfolio-full-itemtitle\">PISCINA<\/h4><a  class=\"button yellow\" href=\"https:\/\/casacabocladamantiqueira.com.br?page_id=72\" target=\"_self\" rel=\"noopener\">OP\u00c7\u00d5ES DE LAZER<\/a> <\/div> <\/div> <\/div> <\/div> <div  class=\"portfolio-full-projectco cp4cols cp4cols-tablet\"> <div  class=\"contentswap-effect ContentSwap103\" hover-fx=\"ContentSwap103\" id=\"ContentSwap103\" is-hovered=\"1\"> <div  class=\"ContentSwap103_content initial-image\"><img  decoding=\"async\" class=\"portfolio-full-projectimg\" data-size=\"1200x800\" src=\"https:\/\/casacabocladamantiqueira.com.br\/wp-content\/uploads\/2024\/04\/cropped-20240405_103224-B.jpg\"> <\/div> <div  class=\"overlay\" style=\"display: block; opacity: 1;\"><\/div> <div  class=\"swap-inner\" style=\"opacity: 1; display: block;\"> <div  class=\"ContentSwap103-center\"> <h4  class=\"protfolio-full-itemtitle\">SINUCA<\/h4><a  class=\"button yellow\" href=\"https:\/\/casacabocladamantiqueira.com.br?page_id=72\" target=\"_self\" rel=\"noopener\">OP\u00c7\u00d5ES DE LAZER<\/a> <\/div> <\/div> <\/div> <\/div> <div  class=\"portfolio-full-projectco cp4cols cp4cols-tablet\"> <div  class=\"contentswap-effect ContentSwap103\" hover-fx=\"ContentSwap103\" id=\"ContentSwap103\" is-hovered=\"1\"> <div  class=\"ContentSwap103_content initial-image\"><img  decoding=\"async\" class=\"portfolio-full-projectimg\" data-size=\"1200x800\" src=\"https:\/\/casacabocladamantiqueira.com.br\/wp-content\/uploads\/2024\/04\/cropped-20240405_094459-PQ.jpg\"> <\/div> <div  class=\"overlay\" style=\"display: block; opacity: 1;\"><\/div> <div  class=\"swap-inner\" style=\"opacity: 1; display: block;\"> <div  class=\"ContentSwap103-center\"> <h4  class=\"protfolio-full-itemtitle\">\u00c1REA GOURMET<\/h4><a  class=\"button yellow\" href=\"https:\/\/casacabocladamantiqueira.com.br?page_id=72\" target=\"_self\" rel=\"noopener\">OP\u00c7\u00d5ES DE LAZER<\/a> <\/div> <\/div> <\/div> <\/div><\/div><\/div><div  id=\"testimonials-1\" style=\"background-color: #f6f6f6;\" data-label=\"Testimonials\" data-id=\"testimonials-boxed-section\" data-category=\"testimonials\" class=\"testimonials-boxed-section\"> <div  class=\"gridContainer\"> <div  class=\"testimonials-boxed-textcol dynamic-color\" data-type=\"column\"> <h2  class=\"\">Relatos<\/h2> <p  class=\"\">Confira o que nossos h\u00f3spedes dizem sobre a Casa Cabocla da Mantiqueira:<\/p> <\/div> <div  class=\"testimonials-boxed-itemsrow dark-text\" data-type=\"row\"> <div  class=\"testimonials-boxed-itemcol cp4cols cp6cols-tablet\"> <div  class=\"testimonials-boxed-itemcard\" data-type=\"column\"> <h4  class=\"testimonials-boxed-itemtext\">5 estrelas \u00e9 pouco para avaliar esse local.<br >Tudo \u00e9 perfeito. A casa \u00e9 linda, carregada de hist\u00f3ria. O ambiente \u00e9 tranquilo e aconchegante. Voc\u00ea se sente em casa.<br >Viemos em fam\u00edlia e foi sensacional<br >A aten\u00e7\u00e3o do Giovani e sua esposa Giovana s\u00e3o especiais. Educados, simp\u00e1ticos e prestativos.<br >Voltaremos sempre, com certeza.<\/h4><img  decoding=\"async\" class=\"testimonials-boxed-itemimg\" data-size=\"500x500\" src=\"https:\/\/casacabocladamantiqueira.com.br\/wp-content\/uploads\/2024\/04\/cropped-06ca7322-454d-4d7b-96e0-226fdfc1ff40.webp\" alt=\"\"> <h5  class=\"testimonials-boxed-itemname\">Bruno<\/h5> <h6  class=\"testimonials-boxed-itempos\">Serra negra-sp<\/h6> <\/div> <\/div> <div  class=\"testimonials-boxed-itemcol cp4cols cp6cols-tablet\"> <div  class=\"testimonials-boxed-itemcard\" data-type=\"column\"> <h4  class=\"testimonials-boxed-itemtext\">Minha estadia neste local superou todas as minhas expectativas. As fotos simplesmente n\u00e3o fazem justi\u00e7a \u00e0 beleza e ao charme desta casa. Embora seja uma propriedade antiga, foi renovada com cuidado e est\u00e1 impec\u00e1vel. Adorei como ela mant\u00e9m sua atmosfera hist\u00f3rica enquanto incorpora com sucesso comodidades modernas, como aquecimento solar e excelentes chuveiros.<br >A cozinha \u00e9 um verdadeiro para\u00edso para os amantes da culin\u00e1ria, equipada com tudo o que se pode precisar, desde uma airfryer at\u00e9 um liquidificador.&nbsp;<\/h4><img  decoding=\"async\" class=\"testimonials-boxed-itemimg\" data-size=\"500x500\" src=\"https:\/\/casacabocladamantiqueira.com.br\/wp-content\/uploads\/2024\/04\/cropped-ae4c0efc-062d-4372-a646-9d4680ee2a71.webp\" alt=\"\"> <h5  class=\"testimonials-boxed-itemname\">Anderson<\/h5> <h6  class=\"testimonials-boxed-itempos\">s\u00e3o paulo-sp<\/h6> <\/div> <\/div> <div  class=\"testimonials-boxed-itemcol cp4cols cp6cols-tablet\"> <div  class=\"testimonials-boxed-itemcard\" data-type=\"column\"> <h4  class=\"testimonials-boxed-itemtext\">A Giovana \u00e9 o Giovane s\u00e3o excelentes anfitri\u00f5es. Encontramos tudo o que busc\u00e1vamos, a tranquilidade do campo com conforto. A casa fica em um vale lindo, muito bem cuidada e zelada. Tanto a cozinha da casa como da churrasqueira possuem todos os equipamentos necess\u00e1rios e os quartos s\u00e3o confort\u00e1veis.<br >Voltaremos com toda certeza.<\/h4><img  decoding=\"async\" class=\"testimonials-boxed-itemimg\" data-size=\"500x500\" src=\"https:\/\/casacabocladamantiqueira.com.br\/wp-content\/uploads\/2024\/04\/cropped-994f7640-36ed-4f3f-baef-0986129d18f7.webp\" alt=\"\"> <h5  class=\"testimonials-boxed-itemname\">Liliane<\/h5> <h6  class=\"testimonials-boxed-itempos\">s\u00e3o paulo-sp<\/h6> <\/div> <\/div> <\/div> <\/div><\/div><div  id=\"cta-1\" data-label=\"Call to action\" data-id=\"cta-blue-section\" data-category=\"cta\" class=\"cta-blue-section\"> <div  class=\"gridContainer\"> <div  class=\"flexbox-list flexbox-list-align-center row\"> <div  class=\"cta-blue-textcol dynamic-color\"> <h2  class=\"cta-blue-text\"><b >RESERVE AGORA SEU REF\u00daGIO!<\/b><\/h2> <\/div> <div  class=\"cta-blue-btncol\"> <a  class=\"button big yellow dark-text\" href=\"https:\/\/wa.me\/5519996979000?text=Ol%C3%A1%2C%2Bestou%2Bno%2Bseu%2Bsite%2Be%2Bgostaria%2Bde%2Binforma%C3%A7%C3%B5es%2Bde%2Bhospedagem%2Bna%2BCasa%2BCabocla%2Bda%2BMantiqueira\" target=\"_self\" rel=\"noopener\"> WHATSAPP <\/a> <\/div> <\/div> <\/div> <\/div><div  id=\"numbers\" data-label=\"Numbers\" data-id=\"numbers-section\" data-category=\"numbers\" data-bg=\"transparent\" class=\"numbers-section\" data-parallax-depth=\"20\"> <div  class=\"gridContainer dynamic-color\"> <div  class=\"numbers-itemcol\"> <h2  class=\"numbers-numbertext\">17<\/h2> <h3  class=\"numbers-titletext\">CAMAS<\/h3> <\/div> <div  class=\"numbers-itemcol\"> <h2  class=\"numbers-numbertext\">5<\/h2> <h3  class=\"numbers-titletext\">QUARTOS<\/h3> <\/div> <div  class=\"numbers-itemcol-last\"> <h2  class=\"numbers-numbertext\">4<\/h2> <h3  class=\"numbers-titletext\">BANHEIROS<\/h3> <\/div> <\/div><\/div><div  id=\"latest-posts\" style=\"background-color: #ffffff;\" data-label=\"Latest posts\" data-id=\"blog-section\" data-category=\"latest_news\" class=\"blog-section\"> <div  class=\"gridContainer\"> <div  class=\"blog-textrow\"> <div  class=\"blog-textcol dynamic-color\" data-type=\"column\"> <h2  class=\"\">NOVIDADES<\/h2> <p  class=\"\">SAIBA O QUE ACONTECE EM BUENO BRAND\u00c3O-MG E REGI\u00c3O!<\/p> <\/div> <\/div> <div  class=\"blog-postsrow dark-text\" data-type=\"row\" data-dynamic-columns=\"one_page_express_latest_news_columns\" data-content-shortcode=\"one_page_express_latest_news\">\t\t\t<div id=\"post-190\" class=\"blog-postcol cp4cols\">\n\t\t\t<div class=\"post-content\">\n\t\t\t\t\t\t\t\t\t<a class=\"post-list-item-thumb\" href=\"https:\/\/casacabocladamantiqueira.com.br\/?p=190\">\n\t\t\t\t\t\t<img loading=\"lazy\" decoding=\"async\" width=\"695\" height=\"869\" src=\"https:\/\/casacabocladamantiqueira.com.br\/wp-content\/uploads\/2026\/03\/Capturar.png\" class=\"attachment-post-thumbnail size-post-thumbnail wp-post-image\" alt=\"\" srcset=\"https:\/\/casacabocladamantiqueira.com.br\/wp-content\/uploads\/2026\/03\/Capturar.png 695w, https:\/\/casacabocladamantiqueira.com.br\/wp-content\/uploads\/2026\/03\/Capturar-240x300.png 240w\" sizes=\"auto, (max-width: 695px) 100vw, 695px\" \/>\t\t\t\t\t<\/a>\n\t\t\t\t\t\t\t\t<div class=\"row_345\">\n\t\t\t\t\t<h3 class=\"blog-title\">\n\t\t\t\t\t\t<a href=\"https:\/\/casacabocladamantiqueira.com.br\/?p=190\" rel=\"bookmark\">\n\t\t\t\t\t\t\t36\u00ba ARRAI\u00c1 DO Z\u00c9 BAGUN\u00c7A\u00a0\t\t\t\t\t\t<\/a>\n\t\t\t\t\t<\/h3>\n\t\t\t\t\t<p>De 03 a 05 de julho de 2026, a charmosa Pra\u00e7a Virg\u00edlio de Melo Franco ser\u00e1 novamente palco de uma das festas mais queridas e tradicionais do Sul de Minas:[&hellip;]<\/p>\n\t\t\t\t\t<a class=\"button blue small\" href=\"https:\/\/casacabocladamantiqueira.com.br\/?p=190\">\n\t\t\t\t\t\t<span data-theme=\"one_page_express_latest_news_read_more\">Read more<\/span>\n\t\t\t\t\t<\/a>\n\t\t\t\t\t<hr class=\"blog-separator\">\n<div class=\"post-header\">\n    <i class=\"font-icon-post fa fa-user\"><\/i>\n    <a href=\"https:\/\/casacabocladamantiqueira.com.br\/?author=1\" title=\"Posts de admin\" rel=\"author\">admin<\/a>    <i class=\"font-icon-post fa fa-calendar\"><\/i>\n    <span class=\"span12\">mar\u00e7o 26, 2026<\/span>\n\n    <i class=\"font-icon-post fa fa-comment-o\"><\/i>\n    <span>0<\/span>\n<\/div>\t\t\t\t<\/div>\n\t\t\t<\/div>\n\t\t<\/div>\n\t\t\t\t<div id=\"post-179\" class=\"blog-postcol cp4cols\">\n\t\t\t<div class=\"post-content\">\n\t\t\t\t\t\t\t\t<div class=\"row_345\">\n\t\t\t\t\t<h3 class=\"blog-title\">\n\t\t\t\t\t\t<a href=\"https:\/\/casacabocladamantiqueira.com.br\/?p=179\" rel=\"bookmark\">\n\t\t\t\t\t\t\tFesta de Agosto em Socorro\t\t\t\t\t\t<\/a>\n\t\t\t\t\t<\/h3>\n\t\t\t\t\t<p>Quem estiver hospedado na Casa Cabocla da Mantiqueira, em agosto, pode aproveitar as festividades da tradicional festa que acontece em Socorro. Veja a programa\u00e7\u00e3o completa no link abaixo: https:\/\/campinas.com.br\/agenda\/festa-de-agosto-em-socorro-tem-mais-de-50-atracoes<\/p>\n\t\t\t\t\t<a class=\"button blue small\" href=\"https:\/\/casacabocladamantiqueira.com.br\/?p=179\">\n\t\t\t\t\t\t<span data-theme=\"one_page_express_latest_news_read_more\">Read more<\/span>\n\t\t\t\t\t<\/a>\n\t\t\t\t\t<hr class=\"blog-separator\">\n<div class=\"post-header\">\n    <i class=\"font-icon-post fa fa-user\"><\/i>\n    <a href=\"https:\/\/casacabocladamantiqueira.com.br\/?author=1\" title=\"Posts de admin\" rel=\"author\">admin<\/a>    <i class=\"font-icon-post fa fa-calendar\"><\/i>\n    <span class=\"span12\">julho 23, 2024<\/span>\n\n    <i class=\"font-icon-post fa fa-comment-o\"><\/i>\n    <span>0<\/span>\n<\/div>\t\t\t\t<\/div>\n\t\t\t<\/div>\n\t\t<\/div>\n\t\t\t\t<div id=\"post-176\" class=\"blog-postcol cp4cols\">\n\t\t\t<div class=\"post-content\">\n\t\t\t\t\t\t\t\t<div class=\"row_345\">\n\t\t\t\t\t<h3 class=\"blog-title\">\n\t\t\t\t\t\t<a href=\"https:\/\/casacabocladamantiqueira.com.br\/?p=176\" rel=\"bookmark\">\n\t\t\t\t\t\t\tInverno nas montanhas 2024 &#8211; Bueno Brand\u00e3o\t\t\t\t\t\t<\/a>\n\t\t\t\t\t<\/h3>\n\t\t\t\t\t<p>A Prefeitura Municipal de Bueno Brand\u00e3o atrav\u00e9s das Secretarias de Cultura e Turismo, apresenta: INVERNO NAS MONTANHAS 2024 Confira a programa\u00e7\u00e3o: 28 de junho a 06 de agosto&nbsp; &#8211; 14\u00b0[&hellip;]<\/p>\n\t\t\t\t\t<a class=\"button blue small\" href=\"https:\/\/casacabocladamantiqueira.com.br\/?p=176\">\n\t\t\t\t\t\t<span data-theme=\"one_page_express_latest_news_read_more\">Read more<\/span>\n\t\t\t\t\t<\/a>\n\t\t\t\t\t<hr class=\"blog-separator\">\n<div class=\"post-header\">\n    <i class=\"font-icon-post fa fa-user\"><\/i>\n    <a href=\"https:\/\/casacabocladamantiqueira.com.br\/?author=1\" title=\"Posts de admin\" rel=\"author\">admin<\/a>    <i class=\"font-icon-post fa fa-calendar\"><\/i>\n    <span class=\"span12\">junho 26, 2024<\/span>\n\n    <i class=\"font-icon-post fa fa-comment-o\"><\/i>\n    <span>0<\/span>\n<\/div>\t\t\t\t<\/div>\n\t\t\t<\/div>\n\t\t<\/div>\n\t\t<\/div> <div  class=\"blog-textcol\"> <a  class=\"button blue\" data-attr-shortcode=\"href:one_page_express_blog_link\" href=\"https:\/\/casacabocladamantiqueira.com.br\/?page_id=22\">VEJA TODAS AS NOT\u00cdCIAS<\/a> <\/div> <\/div><\/div><div  id=\"contact-4\" data-label=\"Contact\" data-id=\"contact-section\" data-category=\"contact\" data-bg=\"transparent\" class=\"contact-section-formsection white-text\"> <div  class=\"gridContainer\"> <div  class=\"row_224\"> <div  class=\"contact-textrow\"> <div  class=\"contact-textcol dynamic-color\"> <h2  class=\"\">Se hospede conosco!<\/h2> <p  class=\"white_text\">Consulte sua data e reserve sua hospedagem na Casa Cabocla da Mantiqueira!<\/p> <\/div> <\/div> <\/div> <div  class=\"contact-formcol\" data-content-shortcode=\"one_page_express_contact_form shortcode=&quot;contact-form-7 id=&amp;amp;quot;b775a55&amp;amp;quot; title=&amp;amp;quot;Formul\u00e1rio de contato 1&amp;amp;quot;&quot;\" data-editable=\"true\">\n<div class=\"wpcf7 no-js\" id=\"wpcf7-f88-o1\" lang=\"pt-BR\" dir=\"ltr\">\n<div class=\"screen-reader-response\"><p role=\"status\" aria-live=\"polite\" aria-atomic=\"true\"><\/p> <ul><\/ul><\/div>\n<form action=\"\/index.php?rest_route=%2Fwp%2Fv2%2Fpages%2F21#wpcf7-f88-o1\" method=\"post\" class=\"wpcf7-form init\" aria-label=\"Formul\u00e1rios de contato\" novalidate=\"novalidate\" data-status=\"init\">\n<div style=\"display: none;\">\n<input type=\"hidden\" name=\"_wpcf7\" value=\"88\" \/>\n<input type=\"hidden\" name=\"_wpcf7_version\" value=\"5.9.6\" \/>\n<input type=\"hidden\" name=\"_wpcf7_locale\" value=\"pt_BR\" \/>\n<input type=\"hidden\" name=\"_wpcf7_unit_tag\" value=\"wpcf7-f88-o1\" \/>\n<input type=\"hidden\" name=\"_wpcf7_container_post\" value=\"0\" \/>\n<input type=\"hidden\" name=\"_wpcf7_posted_data_hash\" value=\"\" \/>\n<\/div>\n<p><label> Seu nome<br \/>\n<span class=\"wpcf7-form-control-wrap\" data-name=\"your-name\"><input size=\"40\" maxlength=\"80\" class=\"wpcf7-form-control wpcf7-text wpcf7-validates-as-required\" autocomplete=\"name\" aria-required=\"true\" aria-invalid=\"false\" value=\"\" type=\"text\" name=\"your-name\" \/><\/span> <\/label>\n<\/p>\n<p><label> Seu e-mail<br \/>\n<span class=\"wpcf7-form-control-wrap\" data-name=\"your-email\"><input size=\"40\" maxlength=\"80\" class=\"wpcf7-form-control wpcf7-email wpcf7-validates-as-required wpcf7-text wpcf7-validates-as-email\" autocomplete=\"email\" aria-required=\"true\" aria-invalid=\"false\" value=\"\" type=\"email\" name=\"your-email\" \/><\/span> <\/label>\n<\/p>\n<p><label> Assunto<br \/>\n<span class=\"wpcf7-form-control-wrap\" data-name=\"your-subject\"><input size=\"40\" maxlength=\"80\" class=\"wpcf7-form-control wpcf7-text wpcf7-validates-as-required\" aria-required=\"true\" aria-invalid=\"false\" value=\"\" type=\"text\" name=\"your-subject\" \/><\/span> <\/label>\n<\/p>\n<p><label> Sua mensagem (opcional)<br \/>\n<span class=\"wpcf7-form-control-wrap\" data-name=\"your-message\"><textarea cols=\"40\" rows=\"10\" maxlength=\"400\" class=\"wpcf7-form-control wpcf7-textarea\" aria-invalid=\"false\" name=\"your-message\"><\/textarea><\/span> <\/label>\n<\/p>\n<p><input class=\"wpcf7-form-control wpcf7-submit has-spinner\" type=\"submit\" value=\"Enviar\" \/>\n<\/p><div class=\"wpcf7-response-output\" aria-hidden=\"true\"><\/div>\n<\/form>\n<\/div>\n<\/div> <\/div><\/div>","protected":false},"excerpt":{"rendered":"<p>BUENO BRAND\u00c3O \u2013 MG Cercada pelas montanhas do&nbsp;Sul de Minas&nbsp;e as cachoeiras mais lindas do Brasil A Casa Cabocla da Mantiqueira \u00e9 a hospedagem perfeita para voc\u00ea e sua fam\u00edlia aproveitarem um per\u00edodo de descanso e uma casa com 4 quartos, cozinha e \u00e1rea gourmet preparados com utens\u00edlios e estrutura completa. Uma hist\u00f3ria de 70&hellip; <br \/> <a class=\"button small blue\" href=\"https:\/\/casacabocladamantiqueira.com.br\/?p=176\">Leia mais<\/a><\/p>\n","protected":false},"author":1,"featured_media":0,"parent":0,"menu_order":0,"comment_status":"closed","ping_status":"closed","template":"","meta":{"footnotes":""},"class_list":["post-21","page","type-page","status-publish","hentry"],"_links":{"self":[{"href":"https:\/\/casacabocladamantiqueira.com.br\/index.php?rest_route=\/wp\/v2\/pages\/21","targetHints":{"allow":["GET"]}}],"collection":[{"href":"https:\/\/casacabocladamantiqueira.com.br\/index.php?rest_route=\/wp\/v2\/pages"}],"about":[{"href":"https:\/\/casacabocladamantiqueira.com.br\/index.php?rest_route=\/wp\/v2\/types\/page"}],"author":[{"embeddable":true,"href":"https:\/\/casacabocladamantiqueira.com.br\/index.php?rest_route=\/wp\/v2\/users\/1"}],"replies":[{"embeddable":true,"href":"https:\/\/casacabocladamantiqueira.com.br\/index.php?rest_route=%2Fwp%2Fv2%2Fcomments&post=21"}],"version-history":[{"count":11,"href":"https:\/\/casacabocladamantiqueira.com.br\/index.php?rest_route=\/wp\/v2\/pages\/21\/revisions"}],"predecessor-version":[{"id":183,"href":"https:\/\/casacabocladamantiqueira.com.br\/index.php?rest_route=\/wp\/v2\/pages\/21\/revisions\/183"}],"wp:attachment":[{"href":"https:\/\/casacabocladamantiqueira.com.br\/index.php?rest_route=%2Fwp%2Fv2%2Fmedia&parent=21"}],"curies":[{"name":"wp","href":"https:\/\/api.w.org\/{rel}","templated":true}]}}