{"id":57,"date":"2024-04-24T12:42:55","date_gmt":"2024-04-24T12:42:55","guid":{"rendered":"https:\/\/casacabocladamantiqueira.com.br\/?page_id=57"},"modified":"2024-04-29T12:32:58","modified_gmt":"2024-04-29T12:32:58","slug":"nossa-historia","status":"publish","type":"page","link":"https:\/\/casacabocladamantiqueira.com.br\/?page_id=57","title":{"rendered":"Nossa hist\u00f3ria"},"content":{"rendered":"\n<div class=\"wp-block-media-text is-stacked-on-mobile\"><figure class=\"wp-block-media-text__media\"><img loading=\"lazy\" decoding=\"async\" width=\"478\" height=\"1024\" src=\"https:\/\/casacabocladamantiqueira.com.br\/wp-content\/uploads\/2024\/04\/20240405_111231-Grande-1-478x1024.jpg\" alt=\"\" class=\"wp-image-59 size-full\" srcset=\"https:\/\/casacabocladamantiqueira.com.br\/wp-content\/uploads\/2024\/04\/20240405_111231-Grande-1-478x1024.jpg 478w, https:\/\/casacabocladamantiqueira.com.br\/wp-content\/uploads\/2024\/04\/20240405_111231-Grande-1-140x300.jpg 140w, https:\/\/casacabocladamantiqueira.com.br\/wp-content\/uploads\/2024\/04\/20240405_111231-Grande-1-768x1644.jpg 768w, https:\/\/casacabocladamantiqueira.com.br\/wp-content\/uploads\/2024\/04\/20240405_111231-Grande-1-718x1536.jpg 718w, https:\/\/casacabocladamantiqueira.com.br\/wp-content\/uploads\/2024\/04\/20240405_111231-Grande-1.jpg 897w\" sizes=\"auto, (max-width: 478px) 100vw, 478px\" \/><\/figure><div class=\"wp-block-media-text__content\">\n<p>O nome &#8216;Casa Cabocla da Mantiqueira&#8217; se originou do estilo arquitet\u00f4nico da casa. Na regi\u00e3o da Serra da Mantiqueira, havia constru\u00e7\u00f5es que utilizavam o pau de canto como estrutura principal. Essas constru\u00e7\u00f5es eram conhecidas como &#8216;casas de pau de canto&#8217;, termo que evoluiu para &#8216;Casa Cabocla da Mantiqueira&#8217;, como \u00e9 mais conhecida hoje em dia. Essa \u00e9 a origem do nome.<\/p>\n\n\n\n<p>Localizada nas belas paisagens do Sul de Minas Gerais, a Casa Cabocla da Mantiqueira \u00e9 muito mais do que um simples estabelecimento de hospedagem; \u00e9 um verdadeiro ref\u00fagio hist\u00f3rico e natural. Com uma hist\u00f3ria que remonta aos tempos dos tropeiros, a propriedade foi adquirida h\u00e1 70 anos pelo Sr Dion\u00e9sio Ferreira de Andrade e desde ent\u00e3o est\u00e1 sob os cuidados e a gest\u00e3o de sua fam\u00edlia.<\/p>\n\n\n\n<p>H\u00e1 15 anos, a casa passou por uma revitaliza\u00e7\u00e3o completa, preservando sua arquitetura tradicional e adicionando conforto e comodidades modernas. Inicialmente concebida como um retiro particular, a Casa Cabocla da Mantiqueira abriu suas portas para h\u00f3spedes em 2021, atendendo a pedidos de muitos que buscavam uma experi\u00eancia \u00fanica e aut\u00eantica na regi\u00e3o.<\/p>\n\n\n\n<p>Com um espa\u00e7o amplo e acolhedor, a casa oferece 17 camas distribu\u00eddas em 4 quartos, 2 salas, 3 banheiros internos, uma cozinha completamente equipada, piscina e uma \u00e1rea gourmet externa com churrasqueira, forno e fog\u00e3o a lenha e uma pequena cozinha auxilar. <\/p>\n\n\n\n<p>Os h\u00f3spedes podem desfrutar de momentos de descanso e contempla\u00e7\u00e3o em meio \u00e0 natureza exuberante, com um lago de pesca, \u00e1gua de nascente, ar puro e um ambiente silencioso e tranquilo.<\/p>\n\n\n\n<p>A Casa Cabocla da Mantiqueira \u00e9 o lugar perfeito para aqueles que buscam uma conex\u00e3o aut\u00eantica com a cultura e a natureza da regi\u00e3o da Mantiqueira. Seja para uma escapada de fim de semana ou uma estadia prolongada, nossa casa est\u00e1 de portas abertas para receber voc\u00ea e proporcionar uma experi\u00eancia inesquec\u00edvel.<\/p>\n<\/div><\/div>\n","protected":false},"excerpt":{"rendered":"<p>O nome &#8216;Casa Cabocla da Mantiqueira&#8217; se originou do estilo arquitet\u00f4nico da casa. Na regi\u00e3o da Serra da Mantiqueira, havia constru\u00e7\u00f5es que utilizavam o pau de canto como estrutura principal. Essas constru\u00e7\u00f5es eram conhecidas como &#8216;casas de pau de canto&#8217;, termo que evoluiu para &#8216;Casa Cabocla da Mantiqueira&#8217;, como \u00e9 mais conhecida hoje em dia.&hellip; <br \/> <a class=\"button small blue\" href=\"https:\/\/casacabocladamantiqueira.com.br\/?page_id=57\">Leia mais<\/a><\/p>\n","protected":false},"author":1,"featured_media":59,"parent":0,"menu_order":0,"comment_status":"closed","ping_status":"closed","template":"","meta":{"footnotes":""},"class_list":["post-57","page","type-page","status-publish","has-post-thumbnail","hentry"],"_links":{"self":[{"href":"https:\/\/casacabocladamantiqueira.com.br\/index.php?rest_route=\/wp\/v2\/pages\/57","targetHints":{"allow":["GET"]}}],"collection":[{"href":"https:\/\/casacabocladamantiqueira.com.br\/index.php?rest_route=\/wp\/v2\/pages"}],"about":[{"href":"https:\/\/casacabocladamantiqueira.com.br\/index.php?rest_route=\/wp\/v2\/types\/page"}],"author":[{"embeddable":true,"href":"https:\/\/casacabocladamantiqueira.com.br\/index.php?rest_route=\/wp\/v2\/users\/1"}],"replies":[{"embeddable":true,"href":"https:\/\/casacabocladamantiqueira.com.br\/index.php?rest_route=%2Fwp%2Fv2%2Fcomments&post=57"}],"version-history":[{"count":6,"href":"https:\/\/casacabocladamantiqueira.com.br\/index.php?rest_route=\/wp\/v2\/pages\/57\/revisions"}],"predecessor-version":[{"id":87,"href":"https:\/\/casacabocladamantiqueira.com.br\/index.php?rest_route=\/wp\/v2\/pages\/57\/revisions\/87"}],"wp:featuredmedia":[{"embeddable":true,"href":"https:\/\/casacabocladamantiqueira.com.br\/index.php?rest_route=\/wp\/v2\/media\/59"}],"wp:attachment":[{"href":"https:\/\/casacabocladamantiqueira.com.br\/index.php?rest_route=%2Fwp%2Fv2%2Fmedia&parent=57"}],"curies":[{"name":"wp","href":"https:\/\/api.w.org\/{rel}","templated":true}]}}